{"id":2807,"date":"2025-12-26T19:20:41","date_gmt":"2025-12-26T18:20:41","guid":{"rendered":"https:\/\/slo-trial.si\/?page_id=2807"},"modified":"2026-01-11T22:05:17","modified_gmt":"2026-01-11T21:05:17","slug":"galerija","status":"publish","type":"page","link":"https:\/\/slo-trial.si\/index.php\/galerija\/","title":{"rendered":"Galerija"},"content":{"rendered":"\t\t<div data-elementor-type=\"wp-page\" data-elementor-id=\"2807\" class=\"elementor elementor-2807\" data-elementor-post-type=\"page\">\n\t\t\t\t<div class=\"elementor-element elementor-element-1d81ee3a e-con-full e-flex e-con e-parent\" data-id=\"1d81ee3a\" data-element_type=\"container\">\n\t\t<div class=\"elementor-element elementor-element-16afb740 e-con-full e-flex e-con e-child\" data-id=\"16afb740\" data-element_type=\"container\">\n\t\t<div class=\"elementor-element elementor-element-8cc4cdb e-con-full e-flex e-con e-child\" data-id=\"8cc4cdb\" data-element_type=\"container\" data-settings=\"{&quot;background_background&quot;:&quot;slideshow&quot;,&quot;background_slideshow_gallery&quot;:[{&quot;id&quot;:5503,&quot;url&quot;:&quot;https:\\\/\\\/slo-trial.si\\\/wp-content\\\/uploads\\\/2026\\\/01\\\/i225683.jpg&quot;},{&quot;id&quot;:5494,&quot;url&quot;:&quot;https:\\\/\\\/slo-trial.si\\\/wp-content\\\/uploads\\\/2026\\\/01\\\/kocevje1.jpg&quot;},{&quot;id&quot;:4252,&quot;url&quot;:&quot;https:\\\/\\\/slo-trial.si\\\/wp-content\\\/uploads\\\/2026\\\/01\\\/DSC_2914.jpg&quot;},{&quot;id&quot;:5492,&quot;url&quot;:&quot;https:\\\/\\\/slo-trial.si\\\/wp-content\\\/uploads\\\/2026\\\/01\\\/i225692.jpg&quot;},{&quot;id&quot;:4229,&quot;url&quot;:&quot;https:\\\/\\\/slo-trial.si\\\/wp-content\\\/uploads\\\/2026\\\/01\\\/DSC_2812.jpg&quot;},{&quot;id&quot;:3544,&quot;url&quot;:&quot;https:\\\/\\\/slo-trial.si\\\/wp-content\\\/uploads\\\/2026\\\/01\\\/470015331_1108639781048639_2865030997982323007_n.jpg&quot;},{&quot;id&quot;:5482,&quot;url&quot;:&quot;https:\\\/\\\/slo-trial.si\\\/wp-content\\\/uploads\\\/2026\\\/01\\\/pula2.jpg&quot;},{&quot;id&quot;:4408,&quot;url&quot;:&quot;https:\\\/\\\/slo-trial.si\\\/wp-content\\\/uploads\\\/2025\\\/12\\\/ostalo.jpg&quot;}],&quot;background_slideshow_slide_duration&quot;:4000,&quot;background_slideshow_loop&quot;:&quot;yes&quot;,&quot;background_slideshow_slide_transition&quot;:&quot;fade&quot;,&quot;background_slideshow_transition_duration&quot;:500}\">\n\t\t\t\t<\/div>\n\t\t\t\t<\/div>\n\t\t\t\t<\/div>\n\t\t<div class=\"elementor-element elementor-element-dedbd39 e-flex e-con-boxed e-con e-parent\" data-id=\"dedbd39\" data-element_type=\"container\">\n\t\t\t\t\t<div class=\"e-con-inner\">\n\t\t\t\t<div class=\"elementor-element elementor-element-e71a1b5 elementor-grid-3 elementor-grid-tablet-2 elementor-grid-mobile-1 elementor-posts--thumbnail-top elementor-card-shadow-yes elementor-posts__hover-gradient elementor-widget elementor-widget-posts\" data-id=\"e71a1b5\" data-element_type=\"widget\" data-settings=\"{&quot;pagination_type&quot;:&quot;numbers_and_prev_next&quot;,&quot;cards_columns&quot;:&quot;3&quot;,&quot;cards_columns_tablet&quot;:&quot;2&quot;,&quot;cards_columns_mobile&quot;:&quot;1&quot;,&quot;cards_row_gap&quot;:{&quot;unit&quot;:&quot;px&quot;,&quot;size&quot;:35,&quot;sizes&quot;:[]},&quot;cards_row_gap_laptop&quot;:{&quot;unit&quot;:&quot;px&quot;,&quot;size&quot;:&quot;&quot;,&quot;sizes&quot;:[]},&quot;cards_row_gap_tablet_extra&quot;:{&quot;unit&quot;:&quot;px&quot;,&quot;size&quot;:&quot;&quot;,&quot;sizes&quot;:[]},&quot;cards_row_gap_tablet&quot;:{&quot;unit&quot;:&quot;px&quot;,&quot;size&quot;:&quot;&quot;,&quot;sizes&quot;:[]},&quot;cards_row_gap_mobile_extra&quot;:{&quot;unit&quot;:&quot;px&quot;,&quot;size&quot;:&quot;&quot;,&quot;sizes&quot;:[]},&quot;cards_row_gap_mobile&quot;:{&quot;unit&quot;:&quot;px&quot;,&quot;size&quot;:&quot;&quot;,&quot;sizes&quot;:[]}}\" data-widget_type=\"posts.cards\">\n\t\t\t\t<div class=\"elementor-widget-container\">\n\t\t\t\t\t\t\t<div class=\"elementor-posts-container elementor-posts elementor-posts--skin-cards elementor-grid\" role=\"list\">\n\t\t\t\t<article class=\"elementor-post elementor-grid-item post-4003 post type-post status-publish format-standard has-post-thumbnail hentry category-dogodki tag-38 tag-dogodek tag-predstavitveni-trening tag-vransko\" role=\"listitem\">\n\t\t\t<div class=\"elementor-post__card\">\n\t\t\t\t<a class=\"elementor-post__thumbnail__link\" href=\"https:\/\/slo-trial.si\/index.php\/2026\/01\/06\/predstavitveni-trening-triala-vransko-2025\/\" tabindex=\"-1\" ><div class=\"elementor-post__thumbnail\"><img fetchpriority=\"high\" decoding=\"async\" width=\"225\" height=\"300\" src=\"https:\/\/slo-trial.si\/wp-content\/uploads\/2026\/01\/IMG-20251115-WA0001-225x300.jpg\" class=\"attachment-medium size-medium wp-image-4137\" alt=\"\" srcset=\"https:\/\/slo-trial.si\/wp-content\/uploads\/2026\/01\/IMG-20251115-WA0001-225x300.jpg 225w, https:\/\/slo-trial.si\/wp-content\/uploads\/2026\/01\/IMG-20251115-WA0001-768x1024.jpg 768w, https:\/\/slo-trial.si\/wp-content\/uploads\/2026\/01\/IMG-20251115-WA0001-1152x1536.jpg 1152w, https:\/\/slo-trial.si\/wp-content\/uploads\/2026\/01\/IMG-20251115-WA0001.jpg 1200w\" sizes=\"(max-width: 225px) 100vw, 225px\" \/><\/div><\/a>\n\t\t\t\t<div class=\"elementor-post__badge\">Dogodki<\/div>\n\t\t\t\t<div class=\"elementor-post__text\">\n\t\t\t\t<h3 class=\"elementor-post__title\">\n\t\t\t<a href=\"https:\/\/slo-trial.si\/index.php\/2026\/01\/06\/predstavitveni-trening-triala-vransko-2025\/\" >\n\t\t\t\tPredstavitveni trening triala Vransko 2025\t\t\t<\/a>\n\t\t<\/h3>\n\t\t\t\t<div class=\"elementor-post__excerpt\">\n\t\t\t<p>Predstavitveni trening Vransko november 2025 Vsi so lahko pri\u0161li na brezpla\u010dni predstavitveni trening v AMZS Center varne vo\u017enje Vransko, kjer so jim slovenski trialisti posodili motocikle in jih u\u010dili osnov.<\/p>\n\t\t<\/div>\n\t\t\n\t\t<a class=\"elementor-post__read-more\" href=\"https:\/\/slo-trial.si\/index.php\/2026\/01\/06\/predstavitveni-trening-triala-vransko-2025\/\" aria-label=\"Read more about Predstavitveni trening triala Vransko 2025\" tabindex=\"-1\" >\n\t\t\tGalerija \u00bb\t\t<\/a>\n\n\t\t\t\t<\/div>\n\t\t\t\t<div class=\"elementor-post__meta-data\">\n\t\t\t\t\t<span class=\"elementor-post-date\">\n\t\t\t6 januarja, 2026\t\t<\/span>\n\t\t\t\t<\/div>\n\t\t\t\t\t<\/div>\n\t\t<\/article>\n\t\t\t\t<article class=\"elementor-post elementor-grid-item post-4170 post type-post status-publish format-standard has-post-thumbnail hentry category-dogodki tag-bozicni-trial tag-druzaben-dogodek tag-lukovica\" role=\"listitem\">\n\t\t\t<div class=\"elementor-post__card\">\n\t\t\t\t<a class=\"elementor-post__thumbnail__link\" href=\"https:\/\/slo-trial.si\/index.php\/2026\/01\/06\/bozicni-trial-lukovica-2025\/\" tabindex=\"-1\" ><div class=\"elementor-post__thumbnail\"><img decoding=\"async\" width=\"300\" height=\"200\" data-src=\"https:\/\/slo-trial.si\/wp-content\/uploads\/2026\/01\/DSC_2914-300x200.jpg\" class=\"attachment-medium size-medium wp-image-4252 lazyload\" alt=\"\" data-srcset=\"https:\/\/slo-trial.si\/wp-content\/uploads\/2026\/01\/DSC_2914-300x200.jpg 300w, https:\/\/slo-trial.si\/wp-content\/uploads\/2026\/01\/DSC_2914-1024x683.jpg 1024w, https:\/\/slo-trial.si\/wp-content\/uploads\/2026\/01\/DSC_2914-768x512.jpg 768w, https:\/\/slo-trial.si\/wp-content\/uploads\/2026\/01\/DSC_2914-1536x1024.jpg 1536w, https:\/\/slo-trial.si\/wp-content\/uploads\/2026\/01\/DSC_2914.jpg 1920w\" data-sizes=\"(max-width: 300px) 100vw, 300px\" src=\"data:image\/svg+xml;base64,PHN2ZyB3aWR0aD0iMSIgaGVpZ2h0PSIxIiB4bWxucz0iaHR0cDovL3d3dy53My5vcmcvMjAwMC9zdmciPjwvc3ZnPg==\" style=\"--smush-placeholder-width: 300px; --smush-placeholder-aspect-ratio: 300\/200;\" \/><\/div><\/a>\n\t\t\t\t<div class=\"elementor-post__badge\">Dogodki<\/div>\n\t\t\t\t<div class=\"elementor-post__text\">\n\t\t\t\t<h3 class=\"elementor-post__title\">\n\t\t\t<a href=\"https:\/\/slo-trial.si\/index.php\/2026\/01\/06\/bozicni-trial-lukovica-2025\/\" >\n\t\t\t\tBo\u017ei\u010dni trial Lukovica 2025\t\t\t<\/a>\n\t\t<\/h3>\n\t\t\t\t<div class=\"elementor-post__excerpt\">\n\t\t\t<p>Bo\u017ei\u010dni trial Lukovica 2025 Tradicionalni bo\u017ei\u010dni trial v Lukovici je tokrat obiskalo 48 trialistov skupaj s svojimi doma\u010dimi in prijatelji. Nekateri so dogodek vzeli kot trening, drugi so se zgolj<\/p>\n\t\t<\/div>\n\t\t\n\t\t<a class=\"elementor-post__read-more\" href=\"https:\/\/slo-trial.si\/index.php\/2026\/01\/06\/bozicni-trial-lukovica-2025\/\" aria-label=\"Read more about Bo\u017ei\u010dni trial Lukovica 2025\" tabindex=\"-1\" >\n\t\t\tGalerija \u00bb\t\t<\/a>\n\n\t\t\t\t<\/div>\n\t\t\t\t<div class=\"elementor-post__meta-data\">\n\t\t\t\t\t<span class=\"elementor-post-date\">\n\t\t\t6 januarja, 2026\t\t<\/span>\n\t\t\t\t<\/div>\n\t\t\t\t\t<\/div>\n\t\t<\/article>\n\t\t\t\t<article class=\"elementor-post elementor-grid-item post-3933 post type-post status-publish format-standard has-post-thumbnail hentry category-dogodki tag-38 tag-idrija tag-predstavitev tag-rally-idrija tag-trial-predstavitev\" role=\"listitem\">\n\t\t\t<div class=\"elementor-post__card\">\n\t\t\t\t<a class=\"elementor-post__thumbnail__link\" href=\"https:\/\/slo-trial.si\/index.php\/2026\/01\/06\/predstavitev-triala-na-rally-idrija-2025\/\" tabindex=\"-1\" ><div class=\"elementor-post__thumbnail\"><img decoding=\"async\" width=\"300\" height=\"178\" data-src=\"https:\/\/slo-trial.si\/wp-content\/uploads\/2026\/01\/rallyIdrija-300x178.jpg\" class=\"attachment-medium size-medium wp-image-4138 lazyload\" alt=\"\" data-srcset=\"https:\/\/slo-trial.si\/wp-content\/uploads\/2026\/01\/rallyIdrija-300x178.jpg 300w, https:\/\/slo-trial.si\/wp-content\/uploads\/2026\/01\/rallyIdrija-1024x609.jpg 1024w, https:\/\/slo-trial.si\/wp-content\/uploads\/2026\/01\/rallyIdrija-768x456.jpg 768w, https:\/\/slo-trial.si\/wp-content\/uploads\/2026\/01\/rallyIdrija-1536x913.jpg 1536w, https:\/\/slo-trial.si\/wp-content\/uploads\/2026\/01\/rallyIdrija-2048x1217.jpg 2048w\" data-sizes=\"(max-width: 300px) 100vw, 300px\" src=\"data:image\/svg+xml;base64,PHN2ZyB3aWR0aD0iMSIgaGVpZ2h0PSIxIiB4bWxucz0iaHR0cDovL3d3dy53My5vcmcvMjAwMC9zdmciPjwvc3ZnPg==\" style=\"--smush-placeholder-width: 300px; --smush-placeholder-aspect-ratio: 300\/178;\" \/><\/div><\/a>\n\t\t\t\t<div class=\"elementor-post__badge\">Dogodki<\/div>\n\t\t\t\t<div class=\"elementor-post__text\">\n\t\t\t\t<h3 class=\"elementor-post__title\">\n\t\t\t<a href=\"https:\/\/slo-trial.si\/index.php\/2026\/01\/06\/predstavitev-triala-na-rally-idrija-2025\/\" >\n\t\t\t\tPredstavitev triala na Rally Idrija 2025\t\t\t<\/a>\n\t\t<\/h3>\n\t\t\t\t<div class=\"elementor-post__excerpt\">\n\t\t\t<p>Hitri avtomobili in spretni motociklisti. Pred in med sobotnim specialom v samem centru Idrije smo na cesti zgradili poligon in gledalcem predstavili trial.<\/p>\n\t\t<\/div>\n\t\t\n\t\t<a class=\"elementor-post__read-more\" href=\"https:\/\/slo-trial.si\/index.php\/2026\/01\/06\/predstavitev-triala-na-rally-idrija-2025\/\" aria-label=\"Read more about Predstavitev triala na Rally Idrija 2025\" tabindex=\"-1\" >\n\t\t\tGalerija \u00bb\t\t<\/a>\n\n\t\t\t\t<\/div>\n\t\t\t\t<div class=\"elementor-post__meta-data\">\n\t\t\t\t\t<span class=\"elementor-post-date\">\n\t\t\t6 januarja, 2026\t\t<\/span>\n\t\t\t\t<\/div>\n\t\t\t\t\t<\/div>\n\t\t<\/article>\n\t\t\t\t<article class=\"elementor-post elementor-grid-item post-3914 post type-post status-publish format-standard has-post-thumbnail hentry category-dogodki tag-38 tag-drzavno-prvenstvo tag-idrija tag-tekmovanje\" role=\"listitem\">\n\t\t\t<div class=\"elementor-post__card\">\n\t\t\t\t<a class=\"elementor-post__thumbnail__link\" href=\"https:\/\/slo-trial.si\/index.php\/2026\/01\/06\/trial-dp-slovenije-idrija-2025\/\" tabindex=\"-1\" ><div class=\"elementor-post__thumbnail\"><img decoding=\"async\" width=\"300\" height=\"200\" data-src=\"https:\/\/slo-trial.si\/wp-content\/uploads\/2026\/01\/i227627-300x200.jpg\" class=\"attachment-medium size-medium wp-image-3920 lazyload\" alt=\"\" data-srcset=\"https:\/\/slo-trial.si\/wp-content\/uploads\/2026\/01\/i227627-300x200.jpg 300w, https:\/\/slo-trial.si\/wp-content\/uploads\/2026\/01\/i227627-1024x683.jpg 1024w, https:\/\/slo-trial.si\/wp-content\/uploads\/2026\/01\/i227627-768x512.jpg 768w, https:\/\/slo-trial.si\/wp-content\/uploads\/2026\/01\/i227627.jpg 1200w\" data-sizes=\"(max-width: 300px) 100vw, 300px\" src=\"data:image\/svg+xml;base64,PHN2ZyB3aWR0aD0iMSIgaGVpZ2h0PSIxIiB4bWxucz0iaHR0cDovL3d3dy53My5vcmcvMjAwMC9zdmciPjwvc3ZnPg==\" style=\"--smush-placeholder-width: 300px; --smush-placeholder-aspect-ratio: 300\/200;\" \/><\/div><\/a>\n\t\t\t\t<div class=\"elementor-post__badge\">Dogodki<\/div>\n\t\t\t\t<div class=\"elementor-post__text\">\n\t\t\t\t<h3 class=\"elementor-post__title\">\n\t\t\t<a href=\"https:\/\/slo-trial.si\/index.php\/2026\/01\/06\/trial-dp-slovenije-idrija-2025\/\" >\n\t\t\t\tTrial DP Slovenije Idrija 2025\t\t\t<\/a>\n\t\t<\/h3>\n\t\t\t\t<div class=\"elementor-post__excerpt\">\n\t\t\t<p>Trial DP Slovenije Idrija 2025 Zadnja tekma dr\u017eavnega prvenstva Slovenije v trialu. Poro\u010dilo je na strani AMZS moto\u0161port. Foto: AMZS<\/p>\n\t\t<\/div>\n\t\t\n\t\t<a class=\"elementor-post__read-more\" href=\"https:\/\/slo-trial.si\/index.php\/2026\/01\/06\/trial-dp-slovenije-idrija-2025\/\" aria-label=\"Read more about Trial DP Slovenije Idrija 2025\" tabindex=\"-1\" >\n\t\t\tGalerija \u00bb\t\t<\/a>\n\n\t\t\t\t<\/div>\n\t\t\t\t<div class=\"elementor-post__meta-data\">\n\t\t\t\t\t<span class=\"elementor-post-date\">\n\t\t\t6 januarja, 2026\t\t<\/span>\n\t\t\t\t<\/div>\n\t\t\t\t\t<\/div>\n\t\t<\/article>\n\t\t\t\t<article class=\"elementor-post elementor-grid-item post-3912 post type-post status-publish format-standard has-post-thumbnail hentry category-dogodki tag-off-road-moto-school-croatia tag-pula tag-trening\" role=\"listitem\">\n\t\t\t<div class=\"elementor-post__card\">\n\t\t\t\t<a class=\"elementor-post__thumbnail__link\" href=\"https:\/\/slo-trial.si\/index.php\/2026\/01\/06\/trial-trening-pula-februar-2025\/\" tabindex=\"-1\" ><div class=\"elementor-post__thumbnail\"><img decoding=\"async\" width=\"225\" height=\"300\" data-src=\"https:\/\/slo-trial.si\/wp-content\/uploads\/2026\/01\/476146430_28343548928624449_5598207166480966092_n-225x300.jpg\" class=\"attachment-medium size-medium wp-image-3895 lazyload\" alt=\"\" data-srcset=\"https:\/\/slo-trial.si\/wp-content\/uploads\/2026\/01\/476146430_28343548928624449_5598207166480966092_n-225x300.jpg 225w, https:\/\/slo-trial.si\/wp-content\/uploads\/2026\/01\/476146430_28343548928624449_5598207166480966092_n-768x1024.jpg 768w, https:\/\/slo-trial.si\/wp-content\/uploads\/2026\/01\/476146430_28343548928624449_5598207166480966092_n-1152x1536.jpg 1152w, https:\/\/slo-trial.si\/wp-content\/uploads\/2026\/01\/476146430_28343548928624449_5598207166480966092_n.jpg 1536w\" data-sizes=\"(max-width: 225px) 100vw, 225px\" src=\"data:image\/svg+xml;base64,PHN2ZyB3aWR0aD0iMSIgaGVpZ2h0PSIxIiB4bWxucz0iaHR0cDovL3d3dy53My5vcmcvMjAwMC9zdmciPjwvc3ZnPg==\" style=\"--smush-placeholder-width: 225px; --smush-placeholder-aspect-ratio: 225\/300;\" \/><\/div><\/a>\n\t\t\t\t<div class=\"elementor-post__badge\">Dogodki<\/div>\n\t\t\t\t<div class=\"elementor-post__text\">\n\t\t\t\t<h3 class=\"elementor-post__title\">\n\t\t\t<a href=\"https:\/\/slo-trial.si\/index.php\/2026\/01\/06\/trial-trening-pula-februar-2025\/\" >\n\t\t\t\tTrial trening Pula februar 2025\t\t\t<\/a>\n\t\t<\/h3>\n\t\t\t\t<div class=\"elementor-post__excerpt\">\n\t\t\t<p>Trial trening Pula februar 2025 Super zimski trening v Puli pri Off road moto school Croatia.<\/p>\n\t\t<\/div>\n\t\t\n\t\t<a class=\"elementor-post__read-more\" href=\"https:\/\/slo-trial.si\/index.php\/2026\/01\/06\/trial-trening-pula-februar-2025\/\" aria-label=\"Read more about Trial trening Pula februar 2025\" tabindex=\"-1\" >\n\t\t\tGalerija \u00bb\t\t<\/a>\n\n\t\t\t\t<\/div>\n\t\t\t\t<div class=\"elementor-post__meta-data\">\n\t\t\t\t\t<span class=\"elementor-post-date\">\n\t\t\t6 januarja, 2026\t\t<\/span>\n\t\t\t\t<\/div>\n\t\t\t\t\t<\/div>\n\t\t<\/article>\n\t\t\t\t<\/div>\n\t\t\n\t\t\t\t\t\t<\/div>\n\t\t\t\t<\/div>\n\t\t\t\t\t<\/div>\n\t\t\t\t<\/div>\n\t\t\t\t<\/div>\n\t\t","protected":false},"excerpt":{"rendered":"","protected":false},"author":1,"featured_media":0,"parent":0,"menu_order":0,"comment_status":"closed","ping_status":"closed","template":"","meta":{"_price":"","_stock":"","_tribe_ticket_header":"","_tribe_default_ticket_provider":"","_ticket_start_date":"","_ticket_end_date":"","_tribe_ticket_show_description":"","_tribe_ticket_show_not_going":false,"_tribe_ticket_use_global_stock":"","_tribe_ticket_global_stock_level":"","_global_stock_mode":"","_global_stock_cap":"","_tribe_rsvp_for_event":"","_tribe_ticket_going_count":"","_tribe_ticket_not_going_count":"","_tribe_tickets_list":"[]","_tribe_ticket_has_attendee_info_fields":false,"footnotes":"","_tec_slr_enabled":"","_tec_slr_layout":""},"class_list":["post-2807","page","type-page","status-publish","hentry"],"ticketed":false,"_links":{"self":[{"href":"https:\/\/slo-trial.si\/index.php\/wp-json\/wp\/v2\/pages\/2807","targetHints":{"allow":["GET"]}}],"collection":[{"href":"https:\/\/slo-trial.si\/index.php\/wp-json\/wp\/v2\/pages"}],"about":[{"href":"https:\/\/slo-trial.si\/index.php\/wp-json\/wp\/v2\/types\/page"}],"author":[{"embeddable":true,"href":"https:\/\/slo-trial.si\/index.php\/wp-json\/wp\/v2\/users\/1"}],"replies":[{"embeddable":true,"href":"https:\/\/slo-trial.si\/index.php\/wp-json\/wp\/v2\/comments?post=2807"}],"version-history":[{"count":37,"href":"https:\/\/slo-trial.si\/index.php\/wp-json\/wp\/v2\/pages\/2807\/revisions"}],"predecessor-version":[{"id":5509,"href":"https:\/\/slo-trial.si\/index.php\/wp-json\/wp\/v2\/pages\/2807\/revisions\/5509"}],"wp:attachment":[{"href":"https:\/\/slo-trial.si\/index.php\/wp-json\/wp\/v2\/media?parent=2807"}],"curies":[{"name":"wp","href":"https:\/\/api.w.org\/{rel}","templated":true}]}}