{"id":2805,"date":"2025-12-26T19:20:19","date_gmt":"2025-12-26T18:20:19","guid":{"rendered":"https:\/\/slo-trial.si\/?page_id=2805"},"modified":"2026-02-08T20:49:16","modified_gmt":"2026-02-08T19:49:16","slug":"kontakt","status":"publish","type":"page","link":"https:\/\/slo-trial.si\/index.php\/kontakt\/","title":{"rendered":"Kontakt"},"content":{"rendered":"\t\t<div data-elementor-type=\"wp-page\" data-elementor-id=\"2805\" class=\"elementor elementor-2805\" data-elementor-post-type=\"page\">\n\t\t\t\t<div class=\"elementor-element elementor-element-503f255b e-con-full e-flex e-con e-parent\" data-id=\"503f255b\" data-element_type=\"container\">\n\t\t<div class=\"elementor-element elementor-element-41cab650 e-con-full e-flex e-con e-child\" data-id=\"41cab650\" data-element_type=\"container\">\n\t\t<div class=\"elementor-element elementor-element-5acdc85a e-con-full e-flex e-con e-child\" data-id=\"5acdc85a\" data-element_type=\"container\" data-settings=\"{&quot;background_background&quot;:&quot;slideshow&quot;,&quot;background_slideshow_gallery&quot;:[{&quot;id&quot;:5483,&quot;url&quot;:&quot;https:\\\/\\\/slo-trial.si\\\/wp-content\\\/uploads\\\/2026\\\/01\\\/sola4.jpg&quot;},{&quot;id&quot;:5503,&quot;url&quot;:&quot;https:\\\/\\\/slo-trial.si\\\/wp-content\\\/uploads\\\/2026\\\/01\\\/i225683.jpg&quot;},{&quot;id&quot;:5481,&quot;url&quot;:&quot;https:\\\/\\\/slo-trial.si\\\/wp-content\\\/uploads\\\/2026\\\/01\\\/pula3.jpg&quot;},{&quot;id&quot;:5510,&quot;url&quot;:&quot;https:\\\/\\\/slo-trial.si\\\/wp-content\\\/uploads\\\/2026\\\/01\\\/481445597_1367986561316644_368784136636477622_n.jpg&quot;},{&quot;id&quot;:5511,&quot;url&quot;:&quot;https:\\\/\\\/slo-trial.si\\\/wp-content\\\/uploads\\\/2026\\\/01\\\/home-hero-1-par.jpg&quot;},{&quot;id&quot;:3530,&quot;url&quot;:&quot;https:\\\/\\\/slo-trial.si\\\/wp-content\\\/uploads\\\/2025\\\/05\\\/sola11.jpg&quot;}],&quot;background_slideshow_slide_duration&quot;:4000,&quot;background_slideshow_loop&quot;:&quot;yes&quot;,&quot;background_slideshow_slide_transition&quot;:&quot;fade&quot;,&quot;background_slideshow_transition_duration&quot;:500}\">\n\t\t\t\t<\/div>\n\t\t\t\t<\/div>\n\t\t\t\t<\/div>\n\t\t<div class=\"elementor-element elementor-element-51c16e3 e-flex e-con-boxed e-con e-parent\" data-id=\"51c16e3\" data-element_type=\"container\">\n\t\t\t\t\t<div class=\"e-con-inner\">\n\t\t<div class=\"elementor-element elementor-element-e9fd3a9 e-con-full e-flex e-con e-child\" data-id=\"e9fd3a9\" data-element_type=\"container\">\n\t\t\t\t<div class=\"elementor-element elementor-element-80c59e0 elementor-widget elementor-widget-text-editor\" data-id=\"80c59e0\" data-element_type=\"widget\" data-widget_type=\"text-editor.default\">\n\t\t\t\t\t\t\t\t\t<p>Ima\u0161 vpra\u0161anja? Bi se nam rad pridru\u017eil ali z nami sodeloval? Te zanima trial, pa ne ve\u0161 kje za\u010deti?\u00a0<\/p><p>Enostavno-<\/p>\t\t\t\t\t\t\t\t<\/div>\n\t\t\t\t<div class=\"elementor-element elementor-element-348a3cc elementor-widget elementor-widget-heading\" data-id=\"348a3cc\" data-element_type=\"widget\" data-widget_type=\"heading.default\">\n\t\t\t\t\t<h2 class=\"elementor-heading-title elementor-size-default\">Napi\u0161i nam sporo\u010dilo!<\/h2>\t\t\t\t<\/div>\n\t\t\t\t<div class=\"elementor-element elementor-element-ef25e23 elementor-widget elementor-widget-image\" data-id=\"ef25e23\" data-element_type=\"widget\" data-widget_type=\"image.default\">\n\t\t\t\t\t\t\t\t\t\t\t\t\t\t\t<img fetchpriority=\"high\" decoding=\"async\" width=\"300\" height=\"219\" src=\"https:\/\/slo-trial.si\/wp-content\/uploads\/2025\/05\/logo_slo_trial_brez-ozadja2-300x219.png\" class=\"attachment-medium size-medium wp-image-2719\" alt=\"\" srcset=\"https:\/\/slo-trial.si\/wp-content\/uploads\/2025\/05\/logo_slo_trial_brez-ozadja2-300x219.png 300w, https:\/\/slo-trial.si\/wp-content\/uploads\/2025\/05\/logo_slo_trial_brez-ozadja2-1024x748.png 1024w, https:\/\/slo-trial.si\/wp-content\/uploads\/2025\/05\/logo_slo_trial_brez-ozadja2-768x561.png 768w, https:\/\/slo-trial.si\/wp-content\/uploads\/2025\/05\/logo_slo_trial_brez-ozadja2.png 1047w\" sizes=\"(max-width: 300px) 100vw, 300px\" \/>\t\t\t\t\t\t\t\t\t\t\t\t\t\t\t<\/div>\n\t\t\t\t<\/div>\n\t\t\t\t\t<\/div>\n\t\t\t\t<\/div>\n\t\t<div class=\"elementor-element elementor-element-bbf98a3 e-flex e-con-boxed e-con e-parent\" data-id=\"bbf98a3\" data-element_type=\"container\" data-settings=\"{&quot;background_background&quot;:&quot;classic&quot;}\">\n\t\t\t\t\t<div class=\"e-con-inner\">\n\t\t\t\t<div class=\"elementor-element elementor-element-05b071c elementor-widget__width-inherit elementor-widget elementor-widget-shortcode\" data-id=\"05b071c\" data-element_type=\"widget\" data-widget_type=\"shortcode.default\">\n\t\t\t\t\t\t\t<div class=\"elementor-shortcode\">\n<div class=\"wpcf7 no-js\" id=\"wpcf7-f7-o1\" lang=\"sl-SI\" dir=\"ltr\" data-wpcf7-id=\"7\">\n<div class=\"screen-reader-response\"><p role=\"status\" aria-live=\"polite\" aria-atomic=\"true\"><\/p> <ul><\/ul><\/div>\n<form action=\"\/index.php\/wp-json\/wp\/v2\/pages\/2805#wpcf7-f7-o1\" method=\"post\" class=\"wpcf7-form init\" aria-label=\"Contact form\" novalidate=\"novalidate\" data-status=\"init\">\n<fieldset class=\"hidden-fields-container\"><input type=\"hidden\" name=\"_wpcf7\" value=\"7\" \/><input type=\"hidden\" name=\"_wpcf7_version\" value=\"6.1.4\" \/><input type=\"hidden\" name=\"_wpcf7_locale\" value=\"sl_SI\" \/><input type=\"hidden\" name=\"_wpcf7_unit_tag\" value=\"wpcf7-f7-o1\" \/><input type=\"hidden\" name=\"_wpcf7_container_post\" value=\"0\" \/><input type=\"hidden\" name=\"_wpcf7_posted_data_hash\" value=\"\" \/>\n<\/fieldset>\n<p><label> Ime<br \/>\n<span class=\"wpcf7-form-control-wrap\" data-name=\"your-name\"><input size=\"40\" maxlength=\"400\" class=\"wpcf7-form-control wpcf7-text wpcf7-validates-as-required\" autocomplete=\"name\" aria-required=\"true\" aria-invalid=\"false\" value=\"\" type=\"text\" name=\"your-name\" \/><\/span> <\/label>\n<\/p>\n<p><label> E-naslov<br \/>\n<span class=\"wpcf7-form-control-wrap\" data-name=\"your-email\"><input size=\"40\" maxlength=\"400\" class=\"wpcf7-form-control wpcf7-email wpcf7-validates-as-required wpcf7-text wpcf7-validates-as-email\" autocomplete=\"email\" aria-required=\"true\" aria-invalid=\"false\" value=\"\" type=\"email\" name=\"your-email\" \/><\/span> <\/label>\n<\/p>\n<p><label> Naslov sporo\u010dila<br \/>\n<span class=\"wpcf7-form-control-wrap\" data-name=\"your-subject\"><input size=\"40\" maxlength=\"400\" class=\"wpcf7-form-control wpcf7-text\" autocomplete=\"subject\" aria-invalid=\"false\" value=\"\" type=\"text\" name=\"your-subject\" \/><\/span> <\/label>\n<\/p>\n<p><label> Tvoje sporo\u010dilo<br \/>\n<span class=\"wpcf7-form-control-wrap\" data-name=\"your-message\"><textarea cols=\"40\" rows=\"10\" maxlength=\"2000\" class=\"wpcf7-form-control wpcf7-textarea\" aria-invalid=\"false\" name=\"your-message\"><\/textarea><\/span> <\/label>\n<\/p>\n<p><label><span class=\"wpcf7-form-control-wrap\" data-name=\"prijava_subscribe\"><span class=\"wpcf7-form-control wpcf7-acceptance optional\"><span class=\"wpcf7-list-item\"><label><input type=\"checkbox\" name=\"prijava_subscribe\" value=\"1\" aria-invalid=\"false\" \/><span class=\"wpcf7-list-item-label\">Prijavljam se na e-novice<\/span><\/label><\/span><\/span><\/span> <\/label>\n<\/p>\n<p><input class=\"wpcf7-form-control wpcf7-submit has-spinner\" type=\"submit\" value=\"Po\u0161lji\" \/>\n<\/p>\n<p><br \/>\n\u010ce je bilo sporo\u010dilo uspe\u0161no poslano, bo\u0161 na vne\u0161eno e-naslov prejel potrditveno obvestilo.\n<\/p><p style=\"display: none !important;\" class=\"akismet-fields-container\" data-prefix=\"_wpcf7_ak_\"><label>&#916;<textarea name=\"_wpcf7_ak_hp_textarea\" cols=\"45\" rows=\"8\" maxlength=\"100\"><\/textarea><\/label><input type=\"hidden\" id=\"ak_js_1\" name=\"_wpcf7_ak_js\" value=\"179\"\/><script>document.getElementById( \"ak_js_1\" ).setAttribute( \"value\", ( new Date() ).getTime() );<\/script><\/p><div class=\"wpcf7-response-output\" aria-hidden=\"true\"><\/div>\n<\/form>\n<\/div>\n<\/div>\n\t\t\t\t\t\t<\/div>\n\t\t\t\t<div class=\"elementor-element elementor-element-64768fb elementor-widget elementor-widget-text-editor\" data-id=\"64768fb\" data-element_type=\"widget\" data-widget_type=\"text-editor.default\">\n\t\t\t\t\t\t\t\t\t<p style=\"text-align: left;\"><a href=\"https:\/\/slo-trial.si\/index.php\/zasebnost\/\" target=\"_blank\" rel=\"noopener\">Politika zasebnosti<\/a><\/p>\t\t\t\t\t\t\t\t<\/div>\n\t\t\t\t\t<\/div>\n\t\t\t\t<\/div>\n\t\t\t\t<\/div>\n\t\t","protected":false},"excerpt":{"rendered":"<p>Ima\u0161 vpra\u0161anja? Bi se nam rad pridru\u017eil ali z nami sodeloval? Te zanima trial, pa ne ve\u0161 kje za\u010deti?\u00a0 Enostavno- Napi\u0161i nam sporo\u010dilo! Politika zasebnosti<\/p>\n","protected":false},"author":1,"featured_media":0,"parent":0,"menu_order":0,"comment_status":"closed","ping_status":"closed","template":"","meta":{"_price":"","_stock":"","_tribe_ticket_header":"","_tribe_default_ticket_provider":"","_ticket_start_date":"","_ticket_end_date":"","_tribe_ticket_show_description":"","_tribe_ticket_show_not_going":false,"_tribe_ticket_use_global_stock":"","_tribe_ticket_global_stock_level":"","_global_stock_mode":"","_global_stock_cap":"","_tribe_rsvp_for_event":"","_tribe_ticket_going_count":"","_tribe_ticket_not_going_count":"","_tribe_tickets_list":"[]","_tribe_ticket_has_attendee_info_fields":false,"footnotes":"","_tec_slr_enabled":"","_tec_slr_layout":""},"class_list":["post-2805","page","type-page","status-publish","hentry"],"ticketed":false,"_links":{"self":[{"href":"https:\/\/slo-trial.si\/index.php\/wp-json\/wp\/v2\/pages\/2805","targetHints":{"allow":["GET"]}}],"collection":[{"href":"https:\/\/slo-trial.si\/index.php\/wp-json\/wp\/v2\/pages"}],"about":[{"href":"https:\/\/slo-trial.si\/index.php\/wp-json\/wp\/v2\/types\/page"}],"author":[{"embeddable":true,"href":"https:\/\/slo-trial.si\/index.php\/wp-json\/wp\/v2\/users\/1"}],"replies":[{"embeddable":true,"href":"https:\/\/slo-trial.si\/index.php\/wp-json\/wp\/v2\/comments?post=2805"}],"version-history":[{"count":56,"href":"https:\/\/slo-trial.si\/index.php\/wp-json\/wp\/v2\/pages\/2805\/revisions"}],"predecessor-version":[{"id":6395,"href":"https:\/\/slo-trial.si\/index.php\/wp-json\/wp\/v2\/pages\/2805\/revisions\/6395"}],"wp:attachment":[{"href":"https:\/\/slo-trial.si\/index.php\/wp-json\/wp\/v2\/media?parent=2805"}],"curies":[{"name":"wp","href":"https:\/\/api.w.org\/{rel}","templated":true}]}}